{"id":2233,"date":"2017-11-15T10:47:06","date_gmt":"2017-11-15T09:47:06","guid":{"rendered":"http:\/\/www.omgonline.it\/?page_id=2233"},"modified":"2024-08-27T10:32:00","modified_gmt":"2024-08-27T08:32:00","slug":"privacy-policy","status":"publish","type":"page","link":"https:\/\/www.omgonline.it\/it\/privacy-policy\/","title":{"rendered":"Privacy policy"},"content":{"rendered":"\t\t<div data-elementor-type=\"wp-page\" data-elementor-id=\"2233\" class=\"elementor elementor-2233\">\n\t\t\t\t<div class=\"elementor-element elementor-element-f981cab e-flex e-con-boxed wpr-equal-height-no e-con e-parent\" data-id=\"f981cab\" data-element_type=\"container\" data-e-type=\"container\">\n\t\t\t\t\t<div class=\"e-con-inner\">\n\t\t\t\t<div class=\"elementor-element elementor-element-a8ad11a elementor-widget elementor-widget-text-editor\" data-id=\"a8ad11a\" data-element_type=\"widget\" data-e-type=\"widget\" data-widget_type=\"text-editor.default\">\n\t\t\t\t<div class=\"elementor-widget-container\">\n\t\t\t\t\t\t\t\t\t<h1>Privacy policy<\/h1>\n<p>La presente Privacy Policy di O.M.G. GHIOTTO S.R.L. , con sede in Via A. Pacinotti 18  36040 Brendola (VI) &#8211; Italy (Titolare del trattamento) ha l\u2019obiettivo di fornire ogni delucidazione sulla politica adottata dalla stessa in tema di trattamento di dati personali degli utenti relativamente ai servizi erogati da O.M.G. GHIOTTO S.R.L.  tramite il sito web www.omgonline.it<\/p>\n<p>O.M.G. GHIOTTO S.R.L.  prende in seria considerazione la tutela della privacy, cio\u00e8 la riservatezza dei dati personali dei propri utenti. I principi di seguito delineati stanno alla base del trattamento dei dati personali degli utenti da parte di O.M.G. GHIOTTO S.R.L.<\/p>\n<p>I dati verranno raccolti solo ove necessario e in conformit\u00e0 alla normativa vigente. O.M.G. GHIOTTO S.R.L.  fornir\u00e0 sempre informazioni chiare relative all\u2019uso che viene fatto dei vostri dati personali e sar\u00e0 sempre trasparente con gli utenti in merito ai dati che vengono raccolti, l\u2019uso che se ne fa, con chi vengono condivisi e l\u2019ufficio da contattare per ogni richiesta.<\/p>\n<p>O.M.G. GHIOTTO S.R.L.  adotta tutte le misure necessarie per salvaguardare i dati degli utenti da un uso scorretto e per trattarli in modo sicuro, rispettando tutte le leggi e i regolamenti applicabili a tutela della privacy, collaborando con le autorit\u00e0 preposte alla protezione dei dati personali e agendo, in ogni caso, in conformit\u00e0 con i principi generalmente riconosciuti relativi alla protezione dei dati personali.<\/p><p><br><\/p>\n<p>In qualsiasi momento, Lei potr\u00e0 esercitare i diritti di cui agli art. 15 e ss. del Regolamento UE 679\/2016 tra cui quelli di ottenere dal titolare l\u2019accesso ai dati personali e la rettifica o la cancellazione degli stessi o la limitazione del trattamento che la riguarda, o di opporsi, per motivi legittimi, al loro trattamento, oltre al diritto alla portabilit\u00e0 dei dati, telefonando al numero +39 0444 400671 oppure inviando una e-mail all\u2019indirizzo info@omgonline.it. Qualora ravvisasse una violazione dei Suoi diritti pu\u00f2 rivolgersi all\u2019autorit\u00e0 di controllo competente ai sensi dell\u2019art. 77 del Regolamento UE 679\/2016.<\/p>\n<p>www.omgonline.it ONLINE<\/p><p><br><\/p>\n<p><strong>TRATTAMENTO DEI DATI E CONSENSO DEGLI UTENTI<\/strong><\/p>\n<p>O.M.G. GHIOTTO S.R.L.  si limiter\u00e0 a raccogliere, utilizzare o comunicare i dati personali degli utenti nel pieno rispetto della legge. Nella maggior parte dei casi, O.M.G. GHIOTTO S.R.L.  chieder\u00e0 di esprimere esplicitamente il loro consenso; in alcuni casi, potr\u00e0 dedurre la manifestazione del loro consenso dalle loro azioni e dai comportamenti adottati. O.M.G. GHIOTTO S.R.L.  potr\u00e0 chiedere agli utenti di fornire un ulteriore consenso, se dovesse avere bisogno di usare i loro dati personali per finalit\u00e0 non dichiarate in questa Privacy Policy. Non \u00e8 obbligatorio fornire tale consenso, ma in assenza dello stesso la partecipazione dell\u2019utente ad attivit\u00e0 specifiche potrebbe essere preclusa.<\/p><p><br><\/p>\n<p><strong>LUOGO DEL TRATTAMENTO DEI DATI PERSONALI<\/strong><\/p>\n<p>I trattamenti connessi ai servizi del Sito Web hanno luogo presso la predetta sede della societ\u00e0 O.M.G. GHIOTTO S.R.L.  e sono curati solo da personale incaricato del trattamento, oppure da eventuali incaricati di occasionali operazioni di manutenzione.<\/p>\n<p>I dati derivanti dal Sito potranno essere comunicati ai partner tecnologici e strumentali di cui il Titolare si avvale per l\u2019erogazione dei servizi richiesti dagli utenti. I dati personali forniti dagli utenti che inoltrano richieste di informazioni (invio di materiale informativo, risposte a quesiti ecc.) o altre comunicazioni (ad esempio ordini) sono anche messi a disposizione di terzi nominati Responsabili e da questi utilizzati al solo fine di eseguire il servizio o la prestazione richiesta e solo nel caso in cui ci\u00f2 sia a tal fine necessario (erogazione dei servizi richiesti per il tramite del partner tecnologico e strumentale).<\/p><p><br><\/p>\n<p><strong>DATI TRATTATI<\/strong><\/p>\n<p>Per \u201cdati personali\u201d, nel contesto della presente Privacy Policy, s\u2019intendono informazioni o frammenti di informazioni che potrebbero permettere la vostra identificazione. In genere questo include informazioni come, per esempio, il nome, l\u2019indirizzo, il nome utente, l\u2019indirizzo di posta elettronica e il numero di telefono, o altre informazioni come, per esempio, l\u2019indirizzo IP, le abitudini di spesa, le preferenze o le informazioni relative al vostro stile di vita o hobby e interessi.<\/p><p><br><\/p>\n<p><strong>Dati di navigazione<\/strong><\/p>\n<p>I sistemi informatici e le procedure software preposte al funzionamento del Sito Web acquisiscono, nel corso del loro normale esercizio, alcuni dati personali la cui trasmissione \u00e8 implicita nell\u2019uso dei protocolli di comunicazione di Internet. Si tratta di informazioni che per loro stessa natura potrebbero, attraverso elaborazioni ed associazioni con dati detenuti da terzi, permettere di identificare i computer che si connettono al sito. In questa categoria di dati rientrano gli indirizzi IP o i nomi a dominio dei computer utilizzati dagli utenti che si connettono al Sito Web, gli indirizzi in notazione URI (Uniform Resource Identifier) delle risorse richieste, l\u2019orario della richiesta, il metodo utilizzato nel sottoporre la richiesta al server, la dimensione del file ottenuto in risposta, il codice numerico indicante lo stato della risposta data dal server (buon fine, errore, ecc.) ed altri parametri relativi al sistema operativo e all\u2019ambiente informatico dell\u2019utente. Questi dati potrebbero essere messi a disposizione dell\u2019Autorit\u00e0 Giudiziaria per l\u2019accertamento di responsabilit\u00e0 in caso di illeciti commessi attraverso il sito o di reati informatici ai danni del sito.<\/p><p><br><\/p>\n<p><strong>Dati forniti volontariamente dagli Utenti<\/strong><\/p>\n<p>L\u2019invio facoltativo, esplicito e volontario di dati personali per accedere a specifici servizi, ovvero per effettuare richieste di informazioni tramite gli appositi canali del Sito web, comporta la successiva acquisizione dei dati personali del mittente inseriti nelle richieste, necessari per rispondere alle stesse. Si pu\u00f2 scegliere di non fornire i propri dati ma, in tal caso, O.M.G. GHIOTTO S.R.L.  potrebbe non essere in grado di soddisfare in tutto o in parte le richieste dell\u2019utente (ad es. registrazione al sito www.omgonline.it ).<\/p><p><br><\/p>\n<p><strong>Dati relativi agli Utenti non registrati<\/strong><\/p>\n<p>Le informazioni generate dagli Utenti che visitano il sito www.omgonline.it senza essere ancora registrati (o, pur essendo registrati, che non abbiano una sessione attiva), ed utilizzate per consentire all\u2019Utente una navigazione ottimale del sito internet, per analisi statistiche e per la personalizzazione dei contenuti \u2013 anche pubblicitari \u2013 potrebbero essere utilizzati da O.M.G. GHIOTTO S.R.L.  , in tempi diversi, per integrare le informazioni fornite dall\u2019Utente sede di registrazione. Per avere maggiori informazioni sulle tecnologie che ci consentono di proporvi i servizi fin qui descritti vi invitiamo a leggere la nostra Cookie Policy espressa di seguito in questo documento.<\/p><p><br><\/p>\n<p><strong>Dati degli Utenti registrati<\/strong><\/p>\n<p>O.M.G. GHIOTTO S.R.L.  si avvale di tecnologie che le permettono, grazie all\u2019interrogazione di un ID (in forma alfanumerica), di aver traccia delle navigazioni degli utenti registrati che accedono al sito da vari browser o da diversi dispositivi (es. computer, tablet, smartphone), al fine presentare agli stessi utenti prodotti analoghi a quelli visualizzati o acquistati, indipendentemente da browser o dispositivi usati volta per volta.<\/p>\n<p>Quando gli Utenti registrati rilasciano il loro consenso al trattamento dei loro dati per fini di marketing diretto, O.M.G. GHIOTTO S.R.L.  pu\u00f2 trattare i dati relativi alle operazioni e visualizzazioni da loro compiute su www.omgonline.it per informarli via e-mail della circostanza che prodotti da loro inseriti nel carrello, ma non ancora acquistati, sono ancora disponibili (permettendo loro di completare l\u2019acquisto in modo rapido e sicuro) oppure per proporre loro via e-mail i medesimi prodotti o prodotti analoghi (re-marketing). Quando gli Utenti registrati rilasciano il loro consenso al trattamento dei loro dati per fini di profilazione, O.M.G. GHIOTTO S.R.L.  pu\u00f2 trattare dati relativi alle loro scelte di consumo (vale a dire oggetto degli acquisti e importi spesi), per adeguare quanto pi\u00f9 possibile l\u2019offerta commerciale al loro profilo e alle loro esigenze.<\/p><p><br><\/p>\n<p><strong>Dati relativi ai pagamenti<\/strong><\/p>\n<p>Per quanto riguarda i dati dei pagamenti, O.M.G. GHIOTTO S.R.L.  si limita soltanto a ricevere da societ\u00e0 di pagamento digitale e dagli Istituti gestori dei pagamenti con carte di credito un\u2019informazione di ritorno sullo status legato al pagamento (a buon fine\/rifiutato). Tutti i dettagli sulla carta prepagata (come PayPal) o sulla carta di credito sono memorizzati dagli enti che gestiscono il relativo servizio, che non sono autorizzati ad utilizzare per altri scopi i dati personali ricevuti tramite www.omgonline.it .<\/p><p><br><\/p>\n<p><strong>FINALIT\u00c0 DEL TRATTAMENTO DEI DATI PERSONALI<\/strong><\/p>\n<p>O.M.G. GHIOTTO S.R.L.  potr\u00e0 usare i dati personali degli utenti per esaminare l\u2019uso del Sito, dei prodotti e servizi, analizzare l\u2019efficacia delle nostre pubblicit\u00e0, promozioni e concorsi, personalizzare l\u2019esperienza sul sito e per esaminare (in forma anonima e aggregata) statistiche relative alle attivit\u00e0 sul sito internet, semplificare l\u2019uso all\u2019interno dello stesso e meglio adattarlo agli interessi e scelte dell\u2019utente, velocizzare le sue future attivit\u00e0 ed esperienze sul sito, contattarlo in merito a prodotti e servizi che potrebbero interessarlo, se avr\u00e0 conferito il suo consenso.<\/p>\n<p>O.M.G. GHIOTTO S.R.L.  potr\u00e0 usare i dati personali degli utenti per suggerire prodotti o servizi che possano interessarlo, offrirgli l\u2019opportunit\u00e0 di partecipare a concorsi o promozioni. L\u2019utente potr\u00e0 rifiutarsi di ricevere comunicazioni da O.M.G. GHIOTTO S.R.L.  in qualunque momento. Ogni comunicazione di direct marketing che O.M.G. GHIOTTO S.R.L.  invia fornir\u00e0 le informazioni e i mezzi necessari per il rifiuto stesso. I dati degli utenti potrebbero essere utilizzati per fornire prodotti o servizi che gli utenti richiedono.<\/p>\n<p><\/p>\t\t\t\t\t\t\t\t<\/div>\n\t\t\t\t<\/div>\n\t\t\t\t\t<\/div>\n\t\t\t\t<\/div>\n\t\t\t\t<\/div>\n\t\t","protected":false},"excerpt":{"rendered":" ","protected":false},"author":2,"featured_media":0,"parent":0,"menu_order":0,"comment_status":"closed","ping_status":"closed","template":"","meta":{"site-sidebar-layout":"no-sidebar","site-content-layout":"page-builder","ast-site-content-layout":"full-width-container","site-content-style":"default","site-sidebar-style":"default","ast-global-header-display":"","ast-banner-title-visibility":"","ast-main-header-display":"","ast-hfb-above-header-display":"","ast-hfb-below-header-display":"","ast-hfb-mobile-header-display":"","site-post-title":"disabled","ast-breadcrumbs-content":"","ast-featured-img":"disabled","footer-sml-layout":"","ast-disable-related-posts":"","theme-transparent-header-meta":"default","adv-header-id-meta":"","stick-header-meta":"","header-above-stick-meta":"","header-main-stick-meta":"","header-below-stick-meta":"","astra-migrate-meta-layouts":"set","ast-page-background-enabled":"default","ast-page-background-meta":{"desktop":{"background-color":"var(--ast-global-color-4)","background-image":"","background-repeat":"repeat","background-position":"center center","background-size":"auto","background-attachment":"scroll","background-type":"","background-media":"","overlay-type":"","overlay-color":"","overlay-opacity":"","overlay-gradient":""},"tablet":{"background-color":"","background-image":"","background-repeat":"repeat","background-position":"center center","background-size":"auto","background-attachment":"scroll","background-type":"","background-media":"","overlay-type":"","overlay-color":"","overlay-opacity":"","overlay-gradient":""},"mobile":{"background-color":"","background-image":"","background-repeat":"repeat","background-position":"center center","background-size":"auto","background-attachment":"scroll","background-type":"","background-media":"","overlay-type":"","overlay-color":"","overlay-opacity":"","overlay-gradient":""}},"ast-content-background-meta":{"desktop":{"background-color":"var(--ast-global-color-5)","background-image":"","background-repeat":"repeat","background-position":"center center","background-size":"auto","background-attachment":"scroll","background-type":"","background-media":"","overlay-type":"","overlay-color":"","overlay-opacity":"","overlay-gradient":""},"tablet":{"background-color":"var(--ast-global-color-5)","background-image":"","background-repeat":"repeat","background-position":"center center","background-size":"auto","background-attachment":"scroll","background-type":"","background-media":"","overlay-type":"","overlay-color":"","overlay-opacity":"","overlay-gradient":""},"mobile":{"background-color":"var(--ast-global-color-5)","background-image":"","background-repeat":"repeat","background-position":"center center","background-size":"auto","background-attachment":"scroll","background-type":"","background-media":"","overlay-type":"","overlay-color":"","overlay-opacity":"","overlay-gradient":""}},"footnotes":""},"class_list":["post-2233","page","type-page","status-publish","hentry"],"yoast_head":"<!-- This site is optimized with the Yoast SEO plugin v27.3 - https:\/\/yoast.com\/product\/yoast-seo-wordpress\/ -->\n<title>Privacy policy | O.M.G. GHIOTTO S.R.L.<\/title>\n<meta name=\"description\" content=\"Privacy policy La presente Privacy Policy di O.M.G. GHIOTTO S.R.L. , con sede in Via A. Pacinotti 18 36040 Brendola (VI) - Italy (Titolare del\" \/>\n<meta name=\"robots\" content=\"index, follow, max-snippet:-1, max-image-preview:large, max-video-preview:-1\" \/>\n<link rel=\"canonical\" href=\"https:\/\/www.omgonline.it\/it\/privacy-policy\/\" \/>\n<meta property=\"og:locale\" content=\"it_IT\" \/>\n<meta property=\"og:type\" content=\"article\" \/>\n<meta property=\"og:title\" content=\"Privacy policy | O.M.G. GHIOTTO S.R.L.\" \/>\n<meta property=\"og:description\" content=\"Privacy policy La presente Privacy Policy di O.M.G. GHIOTTO S.R.L. , con sede in Via A. Pacinotti 18 36040 Brendola (VI) - Italy (Titolare del\" \/>\n<meta property=\"og:url\" content=\"https:\/\/www.omgonline.it\/it\/privacy-policy\/\" \/>\n<meta property=\"og:site_name\" content=\"O.M.G. GHIOTTO S.R.L.\" \/>\n<meta property=\"article:publisher\" content=\"https:\/\/it-it.facebook.com\/OmgDiGhiottoCavGiuseppeCSnc\/\" \/>\n<meta property=\"article:modified_time\" content=\"2024-08-27T08:32:00+00:00\" \/>\n<meta property=\"og:image\" content=\"https:\/\/www.omgonline.it\/wp-content\/uploads\/2017\/10\/omg-ghiotto-logo.png\" \/>\n\t<meta property=\"og:image:width\" content=\"308\" \/>\n\t<meta property=\"og:image:height\" content=\"308\" \/>\n\t<meta property=\"og:image:type\" content=\"image\/png\" \/>\n<meta name=\"twitter:card\" content=\"summary_large_image\" \/>\n<meta name=\"twitter:label1\" content=\"Tempo di lettura stimato\" \/>\n\t<meta name=\"twitter:data1\" content=\"8 minuti\" \/>\n<script type=\"application\/ld+json\" class=\"yoast-schema-graph\">{\"@context\":\"https:\\\/\\\/schema.org\",\"@graph\":[{\"@type\":\"WebPage\",\"@id\":\"https:\\\/\\\/www.omgonline.it\\\/it\\\/privacy-policy\\\/\",\"url\":\"https:\\\/\\\/www.omgonline.it\\\/it\\\/privacy-policy\\\/\",\"name\":\"Privacy policy | O.M.G. GHIOTTO S.R.L.\",\"isPartOf\":{\"@id\":\"https:\\\/\\\/omgonline.it\\\/it\\\/#website\"},\"datePublished\":\"2017-11-15T09:47:06+00:00\",\"dateModified\":\"2024-08-27T08:32:00+00:00\",\"description\":\"Privacy policy La presente Privacy Policy di O.M.G. GHIOTTO S.R.L. , con sede in Via A. Pacinotti 18 36040 Brendola (VI) - Italy (Titolare del\",\"breadcrumb\":{\"@id\":\"https:\\\/\\\/www.omgonline.it\\\/it\\\/privacy-policy\\\/#breadcrumb\"},\"inLanguage\":\"it-IT\",\"potentialAction\":[{\"@type\":\"ReadAction\",\"target\":[\"https:\\\/\\\/www.omgonline.it\\\/it\\\/privacy-policy\\\/\"]}]},{\"@type\":\"BreadcrumbList\",\"@id\":\"https:\\\/\\\/www.omgonline.it\\\/it\\\/privacy-policy\\\/#breadcrumb\",\"itemListElement\":[{\"@type\":\"ListItem\",\"position\":1,\"name\":\"Home\",\"item\":\"https:\\\/\\\/www.omgonline.it\\\/it\\\/\"},{\"@type\":\"ListItem\",\"position\":2,\"name\":\"Privacy policy\"}]},{\"@type\":\"WebSite\",\"@id\":\"https:\\\/\\\/omgonline.it\\\/it\\\/#website\",\"url\":\"https:\\\/\\\/omgonline.it\\\/it\\\/\",\"name\":\"O.M.G. GHIOTTO S.R.L.\",\"description\":\"Leader dal 1978 in aerografi e accessori di qualit\u00e0\",\"publisher\":{\"@id\":\"https:\\\/\\\/omgonline.it\\\/it\\\/#organization\"},\"alternateName\":\"Produttore di aerografi, pistole, accessori per aria compressa\",\"potentialAction\":[{\"@type\":\"SearchAction\",\"target\":{\"@type\":\"EntryPoint\",\"urlTemplate\":\"https:\\\/\\\/omgonline.it\\\/it\\\/?s={search_term_string}\"},\"query-input\":{\"@type\":\"PropertyValueSpecification\",\"valueRequired\":true,\"valueName\":\"search_term_string\"}}],\"inLanguage\":\"it-IT\"},{\"@type\":\"Organization\",\"@id\":\"https:\\\/\\\/omgonline.it\\\/it\\\/#organization\",\"name\":\"O.M.G. di Ghiotto Cav. Giuseppe & C. s.n.c.\",\"alternateName\":\"Leader dal 1978 in aerografi e accessori di qualit\u00e0\",\"url\":\"https:\\\/\\\/omgonline.it\\\/it\\\/\",\"logo\":{\"@type\":\"ImageObject\",\"inLanguage\":\"it-IT\",\"@id\":\"https:\\\/\\\/omgonline.it\\\/it\\\/#\\\/schema\\\/logo\\\/image\\\/\",\"url\":\"https:\\\/\\\/www.omgonline.it\\\/wp-content\\\/uploads\\\/2017\\\/10\\\/omg-ghiotto-logo.png\",\"contentUrl\":\"https:\\\/\\\/www.omgonline.it\\\/wp-content\\\/uploads\\\/2017\\\/10\\\/omg-ghiotto-logo.png\",\"width\":308,\"height\":308,\"caption\":\"O.M.G. di Ghiotto Cav. Giuseppe & C. s.n.c.\"},\"image\":{\"@id\":\"https:\\\/\\\/omgonline.it\\\/it\\\/#\\\/schema\\\/logo\\\/image\\\/\"},\"sameAs\":[\"https:\\\/\\\/it-it.facebook.com\\\/OmgDiGhiottoCavGiuseppeCSnc\\\/\"]}]}<\/script>\n<!-- \/ Yoast SEO plugin. -->","yoast_head_json":{"title":"Privacy policy | O.M.G. GHIOTTO S.R.L.","description":"Privacy policy La presente Privacy Policy di O.M.G. GHIOTTO S.R.L. , con sede in Via A. Pacinotti 18 36040 Brendola (VI) - Italy (Titolare del","robots":{"index":"index","follow":"follow","max-snippet":"max-snippet:-1","max-image-preview":"max-image-preview:large","max-video-preview":"max-video-preview:-1"},"canonical":"https:\/\/www.omgonline.it\/it\/privacy-policy\/","og_locale":"it_IT","og_type":"article","og_title":"Privacy policy | O.M.G. GHIOTTO S.R.L.","og_description":"Privacy policy La presente Privacy Policy di O.M.G. GHIOTTO S.R.L. , con sede in Via A. Pacinotti 18 36040 Brendola (VI) - Italy (Titolare del","og_url":"https:\/\/www.omgonline.it\/it\/privacy-policy\/","og_site_name":"O.M.G. GHIOTTO S.R.L.","article_publisher":"https:\/\/it-it.facebook.com\/OmgDiGhiottoCavGiuseppeCSnc\/","article_modified_time":"2024-08-27T08:32:00+00:00","og_image":[{"width":308,"height":308,"url":"https:\/\/www.omgonline.it\/wp-content\/uploads\/2017\/10\/omg-ghiotto-logo.png","type":"image\/png"}],"twitter_card":"summary_large_image","twitter_misc":{"Tempo di lettura stimato":"8 minuti"},"schema":{"@context":"https:\/\/schema.org","@graph":[{"@type":"WebPage","@id":"https:\/\/www.omgonline.it\/it\/privacy-policy\/","url":"https:\/\/www.omgonline.it\/it\/privacy-policy\/","name":"Privacy policy | O.M.G. GHIOTTO S.R.L.","isPartOf":{"@id":"https:\/\/omgonline.it\/it\/#website"},"datePublished":"2017-11-15T09:47:06+00:00","dateModified":"2024-08-27T08:32:00+00:00","description":"Privacy policy La presente Privacy Policy di O.M.G. GHIOTTO S.R.L. , con sede in Via A. Pacinotti 18 36040 Brendola (VI) - Italy (Titolare del","breadcrumb":{"@id":"https:\/\/www.omgonline.it\/it\/privacy-policy\/#breadcrumb"},"inLanguage":"it-IT","potentialAction":[{"@type":"ReadAction","target":["https:\/\/www.omgonline.it\/it\/privacy-policy\/"]}]},{"@type":"BreadcrumbList","@id":"https:\/\/www.omgonline.it\/it\/privacy-policy\/#breadcrumb","itemListElement":[{"@type":"ListItem","position":1,"name":"Home","item":"https:\/\/www.omgonline.it\/it\/"},{"@type":"ListItem","position":2,"name":"Privacy policy"}]},{"@type":"WebSite","@id":"https:\/\/omgonline.it\/it\/#website","url":"https:\/\/omgonline.it\/it\/","name":"O.M.G. GHIOTTO S.R.L.","description":"Leader dal 1978 in aerografi e accessori di qualit\u00e0","publisher":{"@id":"https:\/\/omgonline.it\/it\/#organization"},"alternateName":"Produttore di aerografi, pistole, accessori per aria compressa","potentialAction":[{"@type":"SearchAction","target":{"@type":"EntryPoint","urlTemplate":"https:\/\/omgonline.it\/it\/?s={search_term_string}"},"query-input":{"@type":"PropertyValueSpecification","valueRequired":true,"valueName":"search_term_string"}}],"inLanguage":"it-IT"},{"@type":"Organization","@id":"https:\/\/omgonline.it\/it\/#organization","name":"O.M.G. di Ghiotto Cav. Giuseppe & C. s.n.c.","alternateName":"Leader dal 1978 in aerografi e accessori di qualit\u00e0","url":"https:\/\/omgonline.it\/it\/","logo":{"@type":"ImageObject","inLanguage":"it-IT","@id":"https:\/\/omgonline.it\/it\/#\/schema\/logo\/image\/","url":"https:\/\/www.omgonline.it\/wp-content\/uploads\/2017\/10\/omg-ghiotto-logo.png","contentUrl":"https:\/\/www.omgonline.it\/wp-content\/uploads\/2017\/10\/omg-ghiotto-logo.png","width":308,"height":308,"caption":"O.M.G. di Ghiotto Cav. Giuseppe & C. s.n.c."},"image":{"@id":"https:\/\/omgonline.it\/it\/#\/schema\/logo\/image\/"},"sameAs":["https:\/\/it-it.facebook.com\/OmgDiGhiottoCavGiuseppeCSnc\/"]}]}},"_links":{"self":[{"href":"https:\/\/www.omgonline.it\/it\/wp-json\/wp\/v2\/pages\/2233","targetHints":{"allow":["GET"]}}],"collection":[{"href":"https:\/\/www.omgonline.it\/it\/wp-json\/wp\/v2\/pages"}],"about":[{"href":"https:\/\/www.omgonline.it\/it\/wp-json\/wp\/v2\/types\/page"}],"author":[{"embeddable":true,"href":"https:\/\/www.omgonline.it\/it\/wp-json\/wp\/v2\/users\/2"}],"replies":[{"embeddable":true,"href":"https:\/\/www.omgonline.it\/it\/wp-json\/wp\/v2\/comments?post=2233"}],"version-history":[{"count":0,"href":"https:\/\/www.omgonline.it\/it\/wp-json\/wp\/v2\/pages\/2233\/revisions"}],"wp:attachment":[{"href":"https:\/\/www.omgonline.it\/it\/wp-json\/wp\/v2\/media?parent=2233"}],"curies":[{"name":"wp","href":"https:\/\/api.w.org\/{rel}","templated":true}]}}