{"id":16,"date":"2017-10-23T10:19:53","date_gmt":"2017-10-23T08:19:53","guid":{"rendered":"http:\/\/www.omgonline.it\/?page_id=16"},"modified":"2024-05-10T14:43:38","modified_gmt":"2024-05-10T12:43:38","slug":"azienda","status":"publish","type":"page","link":"https:\/\/www.omgonline.it\/it\/azienda\/","title":{"rendered":"Azienda"},"content":{"rendered":"\t\t<div data-elementor-type=\"wp-page\" data-elementor-id=\"16\" class=\"elementor elementor-16\">\n\t\t\t\t<div class=\"elementor-element elementor-element-32369b1 e-flex e-con-boxed wpr-equal-height-no e-con e-parent\" data-id=\"32369b1\" data-element_type=\"container\" data-e-type=\"container\">\n\t\t\t\t\t<div class=\"e-con-inner\">\n\t\t\t\t<div class=\"elementor-element elementor-element-e5ed5e0 y-bread elementor-widget elementor-widget-text-editor\" data-id=\"e5ed5e0\" data-element_type=\"widget\" data-e-type=\"widget\" data-widget_type=\"text-editor.default\">\n\t\t\t\t<div class=\"elementor-widget-container\">\n\t\t\t\t\t\t\t\t\t<span><span><a href=\"https:\/\/www.omgonline.it\/it\/\">Home<\/a><\/span><\/span>\t\t\t\t\t\t\t\t<\/div>\n\t\t\t\t<\/div>\n\t\t\t\t\t<\/div>\n\t\t\t\t<\/div>\n\t\t<div class=\"elementor-element elementor-element-2163214 e-flex e-con-boxed wpr-equal-height-no e-con e-parent\" data-id=\"2163214\" data-element_type=\"container\" data-e-type=\"container\">\n\t\t\t\t\t<div class=\"e-con-inner\">\n\t\t\t\t<div class=\"elementor-element elementor-element-5b32865 elementor-widget elementor-widget-heading\" data-id=\"5b32865\" data-element_type=\"widget\" data-e-type=\"widget\" data-widget_type=\"heading.default\">\n\t\t\t\t<div class=\"elementor-widget-container\">\n\t\t\t\t\t<h1 class=\"elementor-heading-title elementor-size-default\">La Storia<\/h1>\t\t\t\t<\/div>\n\t\t\t\t<\/div>\n\t\t\t\t<div class=\"elementor-element elementor-element-223d4d6 elementor-widget elementor-widget-heading\" data-id=\"223d4d6\" data-element_type=\"widget\" data-e-type=\"widget\" data-widget_type=\"heading.default\">\n\t\t\t\t<div class=\"elementor-widget-container\">\n\t\t\t\t\t<h2 class=\"elementor-heading-title elementor-size-default\">La nostra STORIA comincia nel lontano 1978 con il nome di Officina Meccanica Ghiotto, oggi conosciuta semplicemente come O.M.G. GHIOTTO S.R.L..<\/h2>\t\t\t\t<\/div>\n\t\t\t\t<\/div>\n\t\t\t\t<div class=\"elementor-element elementor-element-0ec7b45 elementor-widget__width-initial elementor-widget elementor-widget-text-editor\" data-id=\"0ec7b45\" data-element_type=\"widget\" data-e-type=\"widget\" data-widget_type=\"text-editor.default\">\n\t\t\t\t<div class=\"elementor-widget-container\">\n\t\t\t\t\t\t\t\t\t<p style=\"text-align: left;\">I fondatori, i coniugi Ghiotto Cav. Giuseppe e Lovato Maria Assunta, gi\u00e0 ampiamente integrati nel settore dell\u2019aria compressa, il 24 Ottobre 1978 decisero di mettersi in proprio e cambiare le loro vite, passando dall\u2019essere soci lavoratori, a essere titolari a pieno titolo della loro azienda.<\/p>\t\t\t\t\t\t\t\t<\/div>\n\t\t\t\t<\/div>\n\t\t<div class=\"elementor-element elementor-element-d16acc6 e-con-full e-flex wpr-equal-height-no e-con e-child\" data-id=\"d16acc6\" data-element_type=\"container\" data-e-type=\"container\">\n\t\t<div class=\"elementor-element elementor-element-653d105 e-con-full e-flex wpr-equal-height-no e-con e-child\" data-id=\"653d105\" data-element_type=\"container\" data-e-type=\"container\">\n\t\t\t\t<div class=\"elementor-element elementor-element-f92c1b9 elementor-widget elementor-widget-image\" data-id=\"f92c1b9\" data-element_type=\"widget\" data-e-type=\"widget\" data-widget_type=\"image.default\">\n\t\t\t\t<div class=\"elementor-widget-container\">\n\t\t\t\t\t\t\t\t\t\t\t\t\t\t\t<img fetchpriority=\"high\" decoding=\"async\" width=\"570\" height=\"540\" src=\"https:\/\/www.omgonline.it\/wp-content\/uploads\/2017\/10\/omg-ghiotto-azienda-1.png\" class=\"attachment-full size-full wp-image-2176\" alt=\"\" srcset=\"https:\/\/www.omgonline.it\/wp-content\/uploads\/2017\/10\/omg-ghiotto-azienda-1.png 570w, https:\/\/www.omgonline.it\/wp-content\/uploads\/2017\/10\/omg-ghiotto-azienda-1-150x142.png 150w, https:\/\/www.omgonline.it\/wp-content\/uploads\/2017\/10\/omg-ghiotto-azienda-1-300x284.png 300w\" sizes=\"(max-width: 570px) 100vw, 570px\" \/>\t\t\t\t\t\t\t\t\t\t\t\t\t\t\t<\/div>\n\t\t\t\t<\/div>\n\t\t\t\t<\/div>\n\t\t<div class=\"elementor-element elementor-element-43e6292 e-con-full e-flex wpr-equal-height-no e-con e-child\" data-id=\"43e6292\" data-element_type=\"container\" data-e-type=\"container\">\n\t\t\t\t<div class=\"elementor-element elementor-element-46dd8f9 elementor-widget__width-initial elementor-widget elementor-widget-text-editor\" data-id=\"46dd8f9\" data-element_type=\"widget\" data-e-type=\"widget\" data-widget_type=\"text-editor.default\">\n\t\t\t\t<div class=\"elementor-widget-container\">\n\t\t\t\t\t\t\t\t\t<p style=\"text-align: left;\">Nel 1980 l\u2019operativit\u00e0 concreta dell\u2019azienda ebbe inizio, questo nel primo fabbricato costruito dai coniugi Ghiotto con sede a Brendola, dove attualmente si sviluppa l\u2019intera societ\u00e0.<\/p>\n<p style=\"text-align: left;\"><br><\/p>\n<p>La produzione iniziale era composta dai prodotti standard, gi\u00e0 collaudati e ben conosciuti. In breve tempo grazie alle grandi capacit\u00e0 imprenditoriali e a una risposta molto favorevole da parte del mercato, la giovane societ\u00e0 fu in grado di progettare, sviluppare e costruire nuovi articoli. Tra questi una linea completa di pistole per l\u2019aria compressa marcate MADE IN ITALY, che diedero ancor pi\u00f9 vigore all\u2019impresa, e un notevole risalto sul mercato internazionale.<\/p><p><br><\/p>\n<p><\/p>\n<p>Ad oggi la Famiglia Ghiotto continua a dirigere l\u2019azienda, a occuparsi con i propri collaboratori dei vari settori che compongono un\u2019azienda moderna che oggi produce circa 3000 articoli.<\/p>\t\t\t\t\t\t\t\t<\/div>\n\t\t\t\t<\/div>\n\t\t\t\t<\/div>\n\t\t\t\t<\/div>\n\t\t\t\t\t<\/div>\n\t\t\t\t<\/div>\n\t\t<div class=\"elementor-element elementor-element-8508d38 e-flex e-con-boxed wpr-equal-height-no e-con e-parent\" data-id=\"8508d38\" data-element_type=\"container\" data-e-type=\"container\">\n\t\t\t\t\t<div class=\"e-con-inner\">\n\t\t<div class=\"elementor-element elementor-element-7663010 e-con-full e-flex wpr-equal-height-no e-con e-child\" data-id=\"7663010\" data-element_type=\"container\" data-e-type=\"container\" data-settings=\"{&quot;background_background&quot;:&quot;classic&quot;}\">\n\t\t\t\t<div class=\"elementor-element elementor-element-c3905e9 elementor-widget elementor-widget-counter\" data-id=\"c3905e9\" data-element_type=\"widget\" data-e-type=\"widget\" data-widget_type=\"counter.default\">\n\t\t\t\t<div class=\"elementor-widget-container\">\n\t\t\t\t\t\t\t<div class=\"elementor-counter\">\n\t\t\t<div class=\"elementor-counter-title\">anni di esperienza<\/div>\t\t\t<div class=\"elementor-counter-number-wrapper\">\n\t\t\t\t<span class=\"elementor-counter-number-prefix\"><\/span>\n\t\t\t\t<span class=\"elementor-counter-number\" data-duration=\"2000\" data-to-value=\"45\" data-from-value=\"0\">0<\/span>\n\t\t\t\t<span class=\"elementor-counter-number-suffix\"><\/span>\n\t\t\t<\/div>\n\t\t<\/div>\n\t\t\t\t\t\t<\/div>\n\t\t\t\t<\/div>\n\t\t\t\t<div class=\"elementor-element elementor-element-963132b elementor-widget elementor-widget-counter\" data-id=\"963132b\" data-element_type=\"widget\" data-e-type=\"widget\" data-widget_type=\"counter.default\">\n\t\t\t\t<div class=\"elementor-widget-container\">\n\t\t\t\t\t\t\t<div class=\"elementor-counter\">\n\t\t\t<div class=\"elementor-counter-title\">tipologie di prodotti<\/div>\t\t\t<div class=\"elementor-counter-number-wrapper\">\n\t\t\t\t<span class=\"elementor-counter-number-prefix\"><\/span>\n\t\t\t\t<span class=\"elementor-counter-number\" data-duration=\"3000\" data-to-value=\"1000\" data-from-value=\"500\">500<\/span>\n\t\t\t\t<span class=\"elementor-counter-number-suffix\"><\/span>\n\t\t\t<\/div>\n\t\t<\/div>\n\t\t\t\t\t\t<\/div>\n\t\t\t\t<\/div>\n\t\t\t\t<div class=\"elementor-element elementor-element-88e81c7 elementor-widget elementor-widget-counter\" data-id=\"88e81c7\" data-element_type=\"widget\" data-e-type=\"widget\" data-widget_type=\"counter.default\">\n\t\t\t\t<div class=\"elementor-widget-container\">\n\t\t\t\t\t\t\t<div class=\"elementor-counter\">\n\t\t\t<div class=\"elementor-counter-title\">m2 di superficie<\/div>\t\t\t<div class=\"elementor-counter-number-wrapper\">\n\t\t\t\t<span class=\"elementor-counter-number-prefix\"><\/span>\n\t\t\t\t<span class=\"elementor-counter-number\" data-duration=\"3000\" data-to-value=\"5000\" data-from-value=\"1000\">1000<\/span>\n\t\t\t\t<span class=\"elementor-counter-number-suffix\"><\/span>\n\t\t\t<\/div>\n\t\t<\/div>\n\t\t\t\t\t\t<\/div>\n\t\t\t\t<\/div>\n\t\t\t\t<\/div>\n\t\t\t\t\t<\/div>\n\t\t\t\t<\/div>\n\t\t<div class=\"elementor-element elementor-element-2d95370 e-flex e-con-boxed wpr-equal-height-no e-con e-parent\" data-id=\"2d95370\" data-element_type=\"container\" data-e-type=\"container\">\n\t\t\t\t\t<div class=\"e-con-inner\">\n\t\t\t\t<div class=\"elementor-element elementor-element-bb16e48 elementor-widget elementor-widget-qi_addons_for_elementor_icon_with_text\" data-id=\"bb16e48\" data-element_type=\"widget\" data-e-type=\"widget\" data-widget_type=\"qi_addons_for_elementor_icon_with_text.default\">\n\t\t\t\t<div class=\"elementor-widget-container\">\n\t\t\t\t\t<div class=\"qodef-shortcode qodef-m  qodef-qi-icon-with-text qodef-layout--before-title    qodef--custom-icon\" >\n\t<div class=\"qodef-m-content\">\n\t\t\t<h3 class=\"qodef-m-title\">\n\t\t\t\t\t<a itemprop=\"url\" href=\"\/it\/certificazioni\/\" target=\"_self\">\n\t\t\t\t\t<span class=\"qodef-m-title-inner\">\n\t\t\t\t\t\t\t\t\t<span class=\"qodef-m-icon-wrapper\">\n\t\t\t\t\t\t<div class=\"qodef-m-icon-holder\">\n\t<svg xmlns=\"http:\/\/www.w3.org\/2000\/svg\" width=\"32.39\" height=\"32\" viewBox=\"0 0 32.39 32\"><path id=\"high-quality\" d=\"M34.243,19.584l2.057,1.54a3.276,3.276,0,0,0,1.857.676l2.566.143a3.373,3.373,0,0,1,3.135,2.631l.586,2.5a3.276,3.276,0,0,0,.988,1.711L47.3,30.545a3.373,3.373,0,0,1,.711,4.03l-1.159,2.293a3.276,3.276,0,0,0-.343,1.946l.305,2.552a3.373,3.373,0,0,1-2.046,3.544L42.41,45.921a3.276,3.276,0,0,0-1.513,1.27L39.49,49.342a3.373,3.373,0,0,1-3.846,1.4L33.185,50a3.276,3.276,0,0,0-1.976,0l-2.46.743a3.373,3.373,0,0,1-3.846-1.4L23.5,47.191a3.276,3.276,0,0,0-1.513-1.27l-2.362-1.012a3.373,3.373,0,0,1-2.046-3.544l.305-2.552a3.276,3.276,0,0,0-.343-1.946l-1.159-2.293a3.373,3.373,0,0,1,.711-4.03l1.874-1.759a3.276,3.276,0,0,0,.988-1.711l.586-2.5a3.373,3.373,0,0,1,3.135-2.631l2.566-.143a3.276,3.276,0,0,0,1.857-.676l2.057-1.54a3.373,3.373,0,0,1,4.092,0Zm-3.358,16.19-2.233-2.233a1.482,1.482,0,0,0-2.1,2.1l3.284,3.284a1.482,1.482,0,0,0,2.1,0c1.979-1.979,3.936-3.981,5.906-5.969a1.479,1.479,0,1,0-2.1-2.085ZM32.2,23.857A11.036,11.036,0,1,0,40,27.089a11,11,0,0,0-7.8-3.232Zm7.04,4a9.957,9.957,0,1,0,2.916,7.04A9.925,9.925,0,0,0,39.237,27.852Z\" transform=\"translate(-16.002 -18.893)\" fill=\"#009e5b\" fill-rule=\"evenodd\"><\/path><\/svg><\/div>\n\t\t\t\t\t<\/span>\n\t\t\t\t\t\t\t\t<span class=\"qodef-m-title-text\">\n\t\t\t\t\tLe nostre certificazioni\t\t\t\t<\/span>\n\t\t\t<\/span>\n\t\t\t\t\t<\/a>\n\t\t\t<\/h3>\n\t\t\t\t\t<div class=\"qodef-m-text\"><p>I materiali sono acquistati da primarie ditte fornitrici e sono generalmente accompagnati dagli appropriati certificati conformi a quanto previsto dalla norma <strong>EN 10204<\/strong>.<\/p><\/div>\n\t\t\t<div class=\"qodef-m-button qodef-qi-clear\">\n\t\t<a class=\"qodef-shortcode qodef-m  qodef-qi-button qodef-html--link qodef-layout--filled qodef-type--standard   qodef-icon--right qodef-hover--icon-move-horizontal-short     \" href=\"\/it\/certificazioni\/\" target=\"_self\">\t<span class=\"qodef-m-text\">Scopri le certificazioni<\/span>\t<\/a>\t<\/div>\n\t<\/div>\n<\/div>\n\t\t\t\t<\/div>\n\t\t\t\t<\/div>\n\t\t\t\t\t<\/div>\n\t\t\t\t<\/div>\n\t\t\t\t<\/div>\n\t\t","protected":false},"excerpt":{"rendered":" ","protected":false},"author":2,"featured_media":0,"parent":0,"menu_order":0,"comment_status":"closed","ping_status":"closed","template":"","meta":{"site-sidebar-layout":"default","site-content-layout":"","ast-site-content-layout":"full-width-container","site-content-style":"unboxed","site-sidebar-style":"default","ast-global-header-display":"","ast-banner-title-visibility":"","ast-main-header-display":"","ast-hfb-above-header-display":"","ast-hfb-below-header-display":"","ast-hfb-mobile-header-display":"","site-post-title":"","ast-breadcrumbs-content":"","ast-featured-img":"","footer-sml-layout":"","ast-disable-related-posts":"","theme-transparent-header-meta":"","adv-header-id-meta":"","stick-header-meta":"","header-above-stick-meta":"","header-main-stick-meta":"","header-below-stick-meta":"","astra-migrate-meta-layouts":"set","ast-page-background-enabled":"default","ast-page-background-meta":{"desktop":{"background-color":"var(--ast-global-color-4)","background-image":"","background-repeat":"repeat","background-position":"center center","background-size":"auto","background-attachment":"scroll","background-type":"","background-media":"","overlay-type":"","overlay-color":"","overlay-opacity":"","overlay-gradient":""},"tablet":{"background-color":"","background-image":"","background-repeat":"repeat","background-position":"center center","background-size":"auto","background-attachment":"scroll","background-type":"","background-media":"","overlay-type":"","overlay-color":"","overlay-opacity":"","overlay-gradient":""},"mobile":{"background-color":"","background-image":"","background-repeat":"repeat","background-position":"center center","background-size":"auto","background-attachment":"scroll","background-type":"","background-media":"","overlay-type":"","overlay-color":"","overlay-opacity":"","overlay-gradient":""}},"ast-content-background-meta":{"desktop":{"background-color":"var(--ast-global-color-5)","background-image":"","background-repeat":"repeat","background-position":"center center","background-size":"auto","background-attachment":"scroll","background-type":"","background-media":"","overlay-type":"","overlay-color":"","overlay-opacity":"","overlay-gradient":""},"tablet":{"background-color":"var(--ast-global-color-5)","background-image":"","background-repeat":"repeat","background-position":"center center","background-size":"auto","background-attachment":"scroll","background-type":"","background-media":"","overlay-type":"","overlay-color":"","overlay-opacity":"","overlay-gradient":""},"mobile":{"background-color":"var(--ast-global-color-5)","background-image":"","background-repeat":"repeat","background-position":"center center","background-size":"auto","background-attachment":"scroll","background-type":"","background-media":"","overlay-type":"","overlay-color":"","overlay-opacity":"","overlay-gradient":""}},"footnotes":""},"class_list":["post-16","page","type-page","status-publish","hentry"],"yoast_head":"<!-- This site is optimized with the Yoast SEO plugin v27.3 - https:\/\/yoast.com\/product\/yoast-seo-wordpress\/ -->\n<title>Azienda | O.M.G. GHIOTTO S.R.L.<\/title>\n<meta name=\"description\" content=\"La Storia La nostra STORIA comincia nel lontano 1978 con il nome di Officina Meccanica Ghiotto, oggi conosciuta semplicemente come O.M.G. GHIOTTO S.R.L..\" \/>\n<meta name=\"robots\" content=\"index, follow, max-snippet:-1, max-image-preview:large, max-video-preview:-1\" \/>\n<link rel=\"canonical\" href=\"https:\/\/www.omgonline.it\/it\/azienda\/\" \/>\n<meta property=\"og:locale\" content=\"it_IT\" \/>\n<meta property=\"og:type\" content=\"article\" \/>\n<meta property=\"og:title\" content=\"Azienda | O.M.G. GHIOTTO S.R.L.\" \/>\n<meta property=\"og:description\" content=\"La Storia La nostra STORIA comincia nel lontano 1978 con il nome di Officina Meccanica Ghiotto, oggi conosciuta semplicemente come O.M.G. GHIOTTO S.R.L..\" \/>\n<meta property=\"og:url\" content=\"https:\/\/www.omgonline.it\/it\/azienda\/\" \/>\n<meta property=\"og:site_name\" content=\"O.M.G. GHIOTTO S.R.L.\" \/>\n<meta property=\"article:publisher\" content=\"https:\/\/it-it.facebook.com\/OmgDiGhiottoCavGiuseppeCSnc\/\" \/>\n<meta property=\"article:modified_time\" content=\"2024-05-10T12:43:38+00:00\" \/>\n<meta property=\"og:image\" content=\"https:\/\/omgonline.it\/wp-content\/uploads\/2017\/10\/omg-ghiotto-azienda-1.png\" \/>\n<meta name=\"twitter:card\" content=\"summary_large_image\" \/>\n<meta name=\"twitter:label1\" content=\"Tempo di lettura stimato\" \/>\n\t<meta name=\"twitter:data1\" content=\"2 minuti\" \/>\n<script type=\"application\/ld+json\" class=\"yoast-schema-graph\">{\"@context\":\"https:\\\/\\\/schema.org\",\"@graph\":[{\"@type\":\"WebPage\",\"@id\":\"https:\\\/\\\/www.omgonline.it\\\/it\\\/azienda\\\/\",\"url\":\"https:\\\/\\\/www.omgonline.it\\\/it\\\/azienda\\\/\",\"name\":\"Azienda | O.M.G. GHIOTTO S.R.L.\",\"isPartOf\":{\"@id\":\"https:\\\/\\\/omgonline.it\\\/it\\\/#website\"},\"primaryImageOfPage\":{\"@id\":\"https:\\\/\\\/www.omgonline.it\\\/it\\\/azienda\\\/#primaryimage\"},\"image\":{\"@id\":\"https:\\\/\\\/www.omgonline.it\\\/it\\\/azienda\\\/#primaryimage\"},\"thumbnailUrl\":\"https:\\\/\\\/omgonline.it\\\/wp-content\\\/uploads\\\/2017\\\/10\\\/omg-ghiotto-azienda-1.png\",\"datePublished\":\"2017-10-23T08:19:53+00:00\",\"dateModified\":\"2024-05-10T12:43:38+00:00\",\"description\":\"La Storia La nostra STORIA comincia nel lontano 1978 con il nome di Officina Meccanica Ghiotto, oggi conosciuta semplicemente come O.M.G. GHIOTTO S.R.L..\",\"breadcrumb\":{\"@id\":\"https:\\\/\\\/www.omgonline.it\\\/it\\\/azienda\\\/#breadcrumb\"},\"inLanguage\":\"it-IT\",\"potentialAction\":[{\"@type\":\"ReadAction\",\"target\":[\"https:\\\/\\\/www.omgonline.it\\\/it\\\/azienda\\\/\"]}]},{\"@type\":\"ImageObject\",\"inLanguage\":\"it-IT\",\"@id\":\"https:\\\/\\\/www.omgonline.it\\\/it\\\/azienda\\\/#primaryimage\",\"url\":\"https:\\\/\\\/omgonline.it\\\/wp-content\\\/uploads\\\/2017\\\/10\\\/omg-ghiotto-azienda-1.png\",\"contentUrl\":\"https:\\\/\\\/omgonline.it\\\/wp-content\\\/uploads\\\/2017\\\/10\\\/omg-ghiotto-azienda-1.png\"},{\"@type\":\"BreadcrumbList\",\"@id\":\"https:\\\/\\\/www.omgonline.it\\\/it\\\/azienda\\\/#breadcrumb\",\"itemListElement\":[{\"@type\":\"ListItem\",\"position\":1,\"name\":\"Home\",\"item\":\"https:\\\/\\\/www.omgonline.it\\\/it\\\/\"},{\"@type\":\"ListItem\",\"position\":2,\"name\":\"Azienda\"}]},{\"@type\":\"WebSite\",\"@id\":\"https:\\\/\\\/omgonline.it\\\/it\\\/#website\",\"url\":\"https:\\\/\\\/omgonline.it\\\/it\\\/\",\"name\":\"O.M.G. GHIOTTO S.R.L.\",\"description\":\"Leader dal 1978 in aerografi e accessori di qualit\u00e0\",\"publisher\":{\"@id\":\"https:\\\/\\\/omgonline.it\\\/it\\\/#organization\"},\"alternateName\":\"Produttore di aerografi, pistole, accessori per aria compressa\",\"potentialAction\":[{\"@type\":\"SearchAction\",\"target\":{\"@type\":\"EntryPoint\",\"urlTemplate\":\"https:\\\/\\\/omgonline.it\\\/it\\\/?s={search_term_string}\"},\"query-input\":{\"@type\":\"PropertyValueSpecification\",\"valueRequired\":true,\"valueName\":\"search_term_string\"}}],\"inLanguage\":\"it-IT\"},{\"@type\":\"Organization\",\"@id\":\"https:\\\/\\\/omgonline.it\\\/it\\\/#organization\",\"name\":\"O.M.G. di Ghiotto Cav. Giuseppe & C. s.n.c.\",\"alternateName\":\"Leader dal 1978 in aerografi e accessori di qualit\u00e0\",\"url\":\"https:\\\/\\\/omgonline.it\\\/it\\\/\",\"logo\":{\"@type\":\"ImageObject\",\"inLanguage\":\"it-IT\",\"@id\":\"https:\\\/\\\/omgonline.it\\\/it\\\/#\\\/schema\\\/logo\\\/image\\\/\",\"url\":\"https:\\\/\\\/www.omgonline.it\\\/wp-content\\\/uploads\\\/2017\\\/10\\\/omg-ghiotto-logo.png\",\"contentUrl\":\"https:\\\/\\\/www.omgonline.it\\\/wp-content\\\/uploads\\\/2017\\\/10\\\/omg-ghiotto-logo.png\",\"width\":308,\"height\":308,\"caption\":\"O.M.G. di Ghiotto Cav. Giuseppe & C. s.n.c.\"},\"image\":{\"@id\":\"https:\\\/\\\/omgonline.it\\\/it\\\/#\\\/schema\\\/logo\\\/image\\\/\"},\"sameAs\":[\"https:\\\/\\\/it-it.facebook.com\\\/OmgDiGhiottoCavGiuseppeCSnc\\\/\"]}]}<\/script>\n<!-- \/ Yoast SEO plugin. -->","yoast_head_json":{"title":"Azienda | O.M.G. GHIOTTO S.R.L.","description":"La Storia La nostra STORIA comincia nel lontano 1978 con il nome di Officina Meccanica Ghiotto, oggi conosciuta semplicemente come O.M.G. GHIOTTO S.R.L..","robots":{"index":"index","follow":"follow","max-snippet":"max-snippet:-1","max-image-preview":"max-image-preview:large","max-video-preview":"max-video-preview:-1"},"canonical":"https:\/\/www.omgonline.it\/it\/azienda\/","og_locale":"it_IT","og_type":"article","og_title":"Azienda | O.M.G. GHIOTTO S.R.L.","og_description":"La Storia La nostra STORIA comincia nel lontano 1978 con il nome di Officina Meccanica Ghiotto, oggi conosciuta semplicemente come O.M.G. GHIOTTO S.R.L..","og_url":"https:\/\/www.omgonline.it\/it\/azienda\/","og_site_name":"O.M.G. GHIOTTO S.R.L.","article_publisher":"https:\/\/it-it.facebook.com\/OmgDiGhiottoCavGiuseppeCSnc\/","article_modified_time":"2024-05-10T12:43:38+00:00","og_image":[{"url":"https:\/\/omgonline.it\/wp-content\/uploads\/2017\/10\/omg-ghiotto-azienda-1.png","type":"","width":"","height":""}],"twitter_card":"summary_large_image","twitter_misc":{"Tempo di lettura stimato":"2 minuti"},"schema":{"@context":"https:\/\/schema.org","@graph":[{"@type":"WebPage","@id":"https:\/\/www.omgonline.it\/it\/azienda\/","url":"https:\/\/www.omgonline.it\/it\/azienda\/","name":"Azienda | O.M.G. GHIOTTO S.R.L.","isPartOf":{"@id":"https:\/\/omgonline.it\/it\/#website"},"primaryImageOfPage":{"@id":"https:\/\/www.omgonline.it\/it\/azienda\/#primaryimage"},"image":{"@id":"https:\/\/www.omgonline.it\/it\/azienda\/#primaryimage"},"thumbnailUrl":"https:\/\/omgonline.it\/wp-content\/uploads\/2017\/10\/omg-ghiotto-azienda-1.png","datePublished":"2017-10-23T08:19:53+00:00","dateModified":"2024-05-10T12:43:38+00:00","description":"La Storia La nostra STORIA comincia nel lontano 1978 con il nome di Officina Meccanica Ghiotto, oggi conosciuta semplicemente come O.M.G. GHIOTTO S.R.L..","breadcrumb":{"@id":"https:\/\/www.omgonline.it\/it\/azienda\/#breadcrumb"},"inLanguage":"it-IT","potentialAction":[{"@type":"ReadAction","target":["https:\/\/www.omgonline.it\/it\/azienda\/"]}]},{"@type":"ImageObject","inLanguage":"it-IT","@id":"https:\/\/www.omgonline.it\/it\/azienda\/#primaryimage","url":"https:\/\/omgonline.it\/wp-content\/uploads\/2017\/10\/omg-ghiotto-azienda-1.png","contentUrl":"https:\/\/omgonline.it\/wp-content\/uploads\/2017\/10\/omg-ghiotto-azienda-1.png"},{"@type":"BreadcrumbList","@id":"https:\/\/www.omgonline.it\/it\/azienda\/#breadcrumb","itemListElement":[{"@type":"ListItem","position":1,"name":"Home","item":"https:\/\/www.omgonline.it\/it\/"},{"@type":"ListItem","position":2,"name":"Azienda"}]},{"@type":"WebSite","@id":"https:\/\/omgonline.it\/it\/#website","url":"https:\/\/omgonline.it\/it\/","name":"O.M.G. GHIOTTO S.R.L.","description":"Leader dal 1978 in aerografi e accessori di qualit\u00e0","publisher":{"@id":"https:\/\/omgonline.it\/it\/#organization"},"alternateName":"Produttore di aerografi, pistole, accessori per aria compressa","potentialAction":[{"@type":"SearchAction","target":{"@type":"EntryPoint","urlTemplate":"https:\/\/omgonline.it\/it\/?s={search_term_string}"},"query-input":{"@type":"PropertyValueSpecification","valueRequired":true,"valueName":"search_term_string"}}],"inLanguage":"it-IT"},{"@type":"Organization","@id":"https:\/\/omgonline.it\/it\/#organization","name":"O.M.G. di Ghiotto Cav. Giuseppe & C. s.n.c.","alternateName":"Leader dal 1978 in aerografi e accessori di qualit\u00e0","url":"https:\/\/omgonline.it\/it\/","logo":{"@type":"ImageObject","inLanguage":"it-IT","@id":"https:\/\/omgonline.it\/it\/#\/schema\/logo\/image\/","url":"https:\/\/www.omgonline.it\/wp-content\/uploads\/2017\/10\/omg-ghiotto-logo.png","contentUrl":"https:\/\/www.omgonline.it\/wp-content\/uploads\/2017\/10\/omg-ghiotto-logo.png","width":308,"height":308,"caption":"O.M.G. di Ghiotto Cav. Giuseppe & C. s.n.c."},"image":{"@id":"https:\/\/omgonline.it\/it\/#\/schema\/logo\/image\/"},"sameAs":["https:\/\/it-it.facebook.com\/OmgDiGhiottoCavGiuseppeCSnc\/"]}]}},"_links":{"self":[{"href":"https:\/\/www.omgonline.it\/it\/wp-json\/wp\/v2\/pages\/16","targetHints":{"allow":["GET"]}}],"collection":[{"href":"https:\/\/www.omgonline.it\/it\/wp-json\/wp\/v2\/pages"}],"about":[{"href":"https:\/\/www.omgonline.it\/it\/wp-json\/wp\/v2\/types\/page"}],"author":[{"embeddable":true,"href":"https:\/\/www.omgonline.it\/it\/wp-json\/wp\/v2\/users\/2"}],"replies":[{"embeddable":true,"href":"https:\/\/www.omgonline.it\/it\/wp-json\/wp\/v2\/comments?post=16"}],"version-history":[{"count":0,"href":"https:\/\/www.omgonline.it\/it\/wp-json\/wp\/v2\/pages\/16\/revisions"}],"wp:attachment":[{"href":"https:\/\/www.omgonline.it\/it\/wp-json\/wp\/v2\/media?parent=16"}],"curies":[{"name":"wp","href":"https:\/\/api.w.org\/{rel}","templated":true}]}}